{"id":171,"date":"2018-12-19T15:21:17","date_gmt":"2018-12-19T15:21:17","guid":{"rendered":"http:\/\/www.quatrecats.com\/?page_id=171"},"modified":"2019-01-07T17:43:18","modified_gmt":"2019-01-07T17:43:18","slug":"quienes-somos","status":"publish","type":"page","link":"https:\/\/www.quatrecats.com\/?page_id=171","title":{"rendered":"\u00bfQui\u00e9nes somos?"},"content":{"rendered":"<section data-id=\"3eadb77b\" class=\"elementor-element elementor-element-3eadb77b elementor-section-boxed elementor-section-height-default elementor-section-height-default elementor-section elementor-top-section\" data-element_type=\"section\">\n<div class=\"elementor-container elementor-column-gap-default\">\n<div class=\"elementor-row\">\n<div data-id=\"396525b6\" class=\"elementor-element elementor-element-396525b6 elementor-column elementor-col-100 elementor-top-column\" data-element_type=\"column\">\n<div class=\"elementor-column-wrap elementor-element-populated\">\n<div class=\"elementor-widget-wrap\">\n<div data-id=\"390fdd48\" class=\"elementor-element elementor-element-390fdd48 animated elementor-widget elementor-widget-text-editor fadeIn\" data-settings=\"{&quot;_animation&quot;:&quot;fadeIn&quot;}\" data-element_type=\"text-editor.default\">\n<div class=\"elementor-widget-container\">\n<div class=\"elementor-text-editor elementor-clearfix\">\n<p><span>Quatre Cats Producciones Art\u00edsticas &amp; Culturales surge con la intenci\u00f3n de dinamizar la vida cultural, ofertando todo tipo de actividades art\u00edsticas (teatro, danza, cine, conciertos, conferencias\u2026), fomentando la participaci\u00f3n de los ciudadanos y la promoci\u00f3n de artistas locales, as\u00ed como de la localidad y la Comunidad Aut\u00f3noma. Quatre Cats, en 1998 organiza la I Muestra Nacional de Teatro \u201cC\u00f3micos\u201d, en Alfaro (La Rioja), consiguiendo a\u00f1o tras a\u00f1o colocar el cartel de no hay entradas. A partir del 2001 comienza a ser reconocida a nivel estatal, convirti\u00e9ndose en una de las primeras e ineludibles citas del a\u00f1o teatral. En Julio de 2016 y hasta la actualidad, organiza el Festival de Teatro, Circo y Artes de Calles \u201cArtencalle\u201d.<\/span><\/p>\n<\/div>\n<\/div>\n<\/div>\n<\/div>\n<\/div>\n<\/div>\n<\/div>\n<\/div>\n<\/section>\n","protected":false},"excerpt":{"rendered":"<p>Quatre Cats Producciones Art\u00edsticas &amp; Culturales surge con la intenci\u00f3n de dinamizar la vida cultural, ofertando todo tipo de actividades art\u00edsticas (teatro, danza, cine, conciertos, conferencias\u2026), fomentando la participaci\u00f3n de los ciudadanos y la promoci\u00f3n de artistas locales, as\u00ed como de la localidad y la Comunidad Aut\u00f3noma. Quatre Cats, en [&hellip;]<\/p>\n","protected":false},"author":2,"featured_media":0,"parent":0,"menu_order":2,"comment_status":"closed","ping_status":"closed","template":"","meta":[],"_links":{"self":[{"href":"https:\/\/www.quatrecats.com\/index.php?rest_route=\/wp\/v2\/pages\/171"}],"collection":[{"href":"https:\/\/www.quatrecats.com\/index.php?rest_route=\/wp\/v2\/pages"}],"about":[{"href":"https:\/\/www.quatrecats.com\/index.php?rest_route=\/wp\/v2\/types\/page"}],"author":[{"embeddable":true,"href":"https:\/\/www.quatrecats.com\/index.php?rest_route=\/wp\/v2\/users\/2"}],"replies":[{"embeddable":true,"href":"https:\/\/www.quatrecats.com\/index.php?rest_route=%2Fwp%2Fv2%2Fcomments&post=171"}],"version-history":[{"count":1,"href":"https:\/\/www.quatrecats.com\/index.php?rest_route=\/wp\/v2\/pages\/171\/revisions"}],"predecessor-version":[{"id":172,"href":"https:\/\/www.quatrecats.com\/index.php?rest_route=\/wp\/v2\/pages\/171\/revisions\/172"}],"wp:attachment":[{"href":"https:\/\/www.quatrecats.com\/index.php?rest_route=%2Fwp%2Fv2%2Fmedia&parent=171"}],"curies":[{"name":"wp","href":"https:\/\/api.w.org\/{rel}","templated":true}]}}