{"id":177,"date":"2019-01-06T17:35:05","date_gmt":"2019-01-06T17:35:05","guid":{"rendered":"http:\/\/www.quatrecats.com\/?page_id=177"},"modified":"2019-01-07T17:42:53","modified_gmt":"2019-01-07T17:42:53","slug":"condiciones-venta-entradas","status":"publish","type":"page","link":"https:\/\/www.quatrecats.com\/?page_id=177","title":{"rendered":"Condiciones Venta Entradas"},"content":{"rendered":"<p><span>Condiciones de Venta de Entradas<\/span><\/p>\n<p><span>El presente Aviso Legal establece la informaci\u00f3n general que los prestadores de servicios de la sociedad de la informaci\u00f3n vienen obligados a poner a disposici\u00f3n de los consumidores y usuarios, por imperativo del Art.10 de la Ley 34\/2002, de 11 de julio, de servicios de la sociedad de la informaci\u00f3n y de comercio electr\u00f3nico. En consecuencia, se informa de los siguientes datos:<\/span><br \/>\n<span>1. El dominio de Internet www.quatrecats.com constituye el sitio Web de QUATRE CATS S.C. que tiene como objeto la promoci\u00f3n de las actividades desarrolladas por esta entidad cultural.<\/span><br \/>\n<span>2. QUATRE CATS S.C.tiene su sede social en Paseo de la Nevera, 7. 4\u00ba Izda. 26540 Alfaro (la Rioja) siendo medios de contacto v\u00e1lidos: Tel: 637.457987 &#8211; 610.365939 \u2013 696.315367 y e-mail: arte@quatrecats.com.<\/span><br \/>\n<span>3. QUATRE CATS S.C. tiene por CIF. J26275016<\/span><\/p>\n<p><span>USO DEL SITIO WEB Y ACEPTACI\u00d3N<\/span><br \/>\n<span>El acceso al sitio Web atribuye la condici\u00f3n de usuario e implica la aceptaci\u00f3n plena y sin reservas por parte del usuario, de todas y cada una de las condiciones contenidas en este Aviso Legal.<\/span><br \/>\n<span>El contenido del presente Aviso Legal puede sufrir modificaciones, por lo que su aceptaci\u00f3n por parte del usuario, ser\u00e1 respecto del Aviso Legal publicado por QUATRE CATS S.C. en el momento en que el usuario acceda al sitio Web. Por lo tanto, cada vez que el usuario acceda al sitio Web, deber\u00e1 leer atentamente el presente Aviso Legal.<\/span><br \/>\n<span>Asimismo, el acceso al sitio Web se encuentra sometido a todos los avisos, condiciones de uso e instrucciones, puestos en conocimiento del usuario por QUATRE CATS S.C. que sustituyan, completen y\/o modifiquen el presente Aviso Legal.<\/span><\/p>\n<p><span>CONDICIONES DE USO DEL SITIO WEB<\/span><br \/>\n<span>El usuario se compromete a hacer uso de los servicios, productos y utilidades ofrecidos por \u00a0QUATRE CATS S.C.a trav\u00e9s del sitio Web de conformidad con la ley, este Aviso Legal y dem\u00e1s avisos e instrucciones puestos en su conocimiento, as\u00ed como con la moral y las buenas costumbres generalmente aceptadas y el orden p\u00fablico.<\/span><br \/>\n<span>Con car\u00e1cter general, el acceso a la informaci\u00f3n y utilidades del sitio Web no exige una previa suscripci\u00f3n o registro de usuario. No obstante lo anterior, el acceso a alguno de los servicios o productos que se ofrezcan a trav\u00e9s del sitio Web puede estar condicionado a la previa cumplimentaci\u00f3n del formulario de suscripci\u00f3n o registro. A estos efectos el usuario garantiza la autenticidad y veracidad de todos aquellos datos personales que comunique al cumplimentar el formulario de suscripci\u00f3n o registro. El usuario se compromete y responsabiliza de mantener toda la informaci\u00f3n facilitada de forma que responda, en cada momento, a su situaci\u00f3n actual. El tratamiento de los datos de car\u00e1cter personal suministrados por el usuario se realizar\u00e1 por QUATRE CATS S.C. con sujeci\u00f3n a la Pol\u00edtica de privacidad contenida en este sitio Web<\/span><\/p>\n<p><span>EXCLUSI\u00d3N DE RESPONSABILIDADES Y GARANT\u00cdAS<\/span><br \/>\n<span>a) Contenidos: Los datos, textos, informaciones, im\u00e1genes o sonidos publicados en el sitio Web son mostrados con efectos meramente informativos para todas aquellas personas interesadas en los mismos, sin que su acceso genere relaci\u00f3n comercial, contractual o profesional entre los usuarios y QUATRE CATS S.C. \u00a0Se advierte al usuario que antes de emprender cualquier acci\u00f3n derivada del contenido del sitio Web, proceda a verificar la informaci\u00f3n obtenida poni\u00e9ndose en contacto con QUATRE CATS S.C. \u00a0en los tel\u00e9fonos arriba indicados o en la direcci\u00f3n de correo electr\u00f3nico arte@quatrecats.com.<\/span><br \/>\n<span>b) Disponibilidad y continuidad:<\/span><br \/>\n<span>QUATRE CATS S.C. excluye, con toda la extensi\u00f3n que permite nuestro ordenamiento jur\u00eddico, cualquier responsabilidad por los da\u00f1os y perjuicios de toda naturaleza causados por la falta de disponibilidad o de continuidad del acceso al sitio Web y sus servicios. El acceso a la informaci\u00f3n y servicios que presta este sitio Web tiene, en principio, una duraci\u00f3n indefinida. No obstante, QUATRE CATS S.C. \u00a0podr\u00e1 dar por terminada o suspender el acceso a su sitio Web en cualquier momento.<\/span><br \/>\n<span>c) Virus y c\u00f3digos maliciosos:<\/span><br \/>\n<span>QUATRE CATS S.C. excluye, con toda la extensi\u00f3n que permite nuestro ordenamiento jur\u00eddico, cualquier responsabilidad por los da\u00f1os y perjuicios de toda naturaleza que puedan deberse a la presencia de virus u otros c\u00f3digos maliciosos en los contenidos que puedan producir cualquier tipo de da\u00f1os en el sistema inform\u00e1tico, documentos electr\u00f3nicos o ficheros de los usuarios.<\/span><br \/>\n<span>d) Enlaces:<\/span><br \/>\n<span>QUATRE CATS S.C. excluye, con toda la extensi\u00f3n que permite nuestro ordenamiento jur\u00eddico, cualquier responsabilidad por los da\u00f1os y perjuicios de toda naturaleza causados a los usuarios por el uso de dispositivos t\u00e9cnicos de enlaces (links), directorios y herramientas de b\u00fasqueda, que permiten a los usuarios acceder a sitios Web pertenecientes y\/o gestionados por terceros.<\/span><br \/>\n<span>e) Uso il\u00edcito:<\/span><br \/>\n<span>QUATRE CATS S.C. no se hace responsable del incumplimiento de cualquier norma aplicable en que pueda incurrir el usuario en su acceso al sitio Web y\/o utilizaci\u00f3n de las informaciones contenidas en la misma. Tampoco se hace responsable del uso ileg\u00edtimo que terceras personas puedan hacer de los nombres comerciales, marcas u otros signos distintivos que, no siendo propiedad de QUATRE CATS S.C. , aparezcan en el sitio Web.<\/span><br \/>\n<span>USO DE \u00abCOOKIES\u00bb<\/span><br \/>\n<span>Con la finalidad de agilizar el servicio ofrecido, identificando con la m\u00e1xima celeridad a cada usuario, QUATRE CATS S.C. comunica que para el correcto funcionamiento de www.quatrecats.com es necesario el uso de \u00abCookies\u00bb. Esta herramienta, que se instala en el disco duro del sistema inform\u00e1tico del usuario, se utiliza para el almacenamiento y la posterior recuperaci\u00f3n de determinada informaci\u00f3n relativa al uso que se realiza de www.quatrecats.com, pero no recoge ning\u00fan dato personal que permita identificar al usuario.<\/span><\/p>\n<p><span>POL\u00cdTICA DE CANCELACI\u00d3N<\/span><br \/>\n<span>Una vez adquirida su entrada compruebe que la fecha, horario, situaci\u00f3n y precio sean los correctos ya que, una vez adquiridas las entradas no se admitir\u00e1n cambios, devoluciones o anulaciones.<\/span><\/p>\n<p><span>MENORES DE EDAD<\/span><\/p>\n<p><span>El uso de los servicios disponibles en esta Web por menores de edad exige que \u00e9stos hayan obtenido previamente autorizaci\u00f3n de sus padres, tutores o representantes legales, los cuales tendr\u00e1n la consideraci\u00f3n de responsables legales por cualesquiera actos realizados por los menores a su cargo.<\/span><\/p>\n<p><span>Los representantes legales de las personas menores de edad tienen plena responsabilidad en el acceso a contenidos y servicios de Internet por dichos menores. Al existir en Internet informaciones y utilidades que pueden no ser apropiadas para los menores se informa a las personas responsables de los mismos de la existencia de programas inform\u00e1ticos y herramientas de bloqueo y filtro en el acceso a contenidos o sitios Web no apropiados para los menores.<\/span><\/p>\n<p><span>Nuestra Pol\u00edtica de Privacidad<\/span><\/p>\n<p><span>En cumplimiento de lo dispuesto en la Ley Org\u00e1nica 15\/1999 del 13 de diciembre de Protecci\u00f3n de Datos de Car\u00e1cter Personal la empresa QUATRE CATS S.C. le informa que:<\/span><\/p>\n<p><span>1. Los datos personales comunicados por Usted en este sitio web se incorporar\u00e1n a los ficheros de titularidad de Car\u00e1cter Personal, QUATRE CATS S.C. debidamente inscrito ante la Agencia Espa\u00f1ola de Protecci\u00f3n de Datos con la finalidad de la gesti\u00f3n de los servicios ofrecidos a trav\u00e9s de dicho sitio la solicitud de entradas, tarjetas, abonos o convenios, as\u00ed como el env\u00edo por cualquier medio de comunicaci\u00f3n (mail, sms, fax, correo, etc.) de nuestra programaci\u00f3n esc\u00e9nica, noticias, promociones, fidelizaciones y realizaci\u00f3n de encuestas de opini\u00f3n, consinti\u00e9ndolo usted expresamente y en su caso; as\u00ed como la gesti\u00f3n, desarrollo y cumplimiento de las relaciones establecidas entre la empresa QUATRE CATS S.C. y quienes aporten sus datos personales a trav\u00e9s del Sitio Web.<\/span><br \/>\n<span>Igualmente, QUATRE CATS S.C. tratar\u00e1 los datos para gestionar las consultas que reciba a trav\u00e9s del Sitio Web por parte de los usuarios del mismo, registrados o no y realizar env\u00edos publicitarios y de informaci\u00f3n comercial, por diferentes medios, a los mismos, acerca de la empresa y sus clientes, sus actividades, concursos, productos, servicios, ofertas, promociones especiales, as\u00ed como documentaci\u00f3n de diversa naturaleza y por diferentes medios de informaci\u00f3n comercial de la empresa.<\/span><br \/>\n<span>2. Asimismo, le informamos que mediante la aceptaci\u00f3n de la presente Pol\u00edtica de Privacidad usted consiente que sus datos personales puedan ser comunicados a QUATRE CATS S.C. con la finalidad de poder efectuar, por diferentes medios, incluido el correo electr\u00f3nico, env\u00edos publicitarios y de informaci\u00f3n comercial, sobre productos y servicios relacionados con sus actividades y las de sus clientes , promociones, concursos, productos y servicios, as\u00ed como la remisi\u00f3n de env\u00edo comercial de terceras empresas relacionadas con la cultura , el ocio y el turismo.<\/span><br \/>\n<span>Usted garantiza que los datos aportados son verdaderos, exactos, completos y actualizados, siendo responsable de cualquier da\u00f1o o perjuicio, directo o indirecto, que pudiera ocasionarse como consecuencia del incumplimiento de tal obligaci\u00f3n. En el caso de que los datos aportados pertenecieran a un tercero, Usted garantiza que ha informado a dicho tercero de los aspectos contenidos en este documento y obtenido su autorizaci\u00f3n para facilitar sus datos a QUATRE CATS S.C. \u00a0para los fines se\u00f1alados.<\/span><br \/>\n<span>En todo caso se informa que los menores de 18 a\u00f1os que accedan a este sitio Web sin avisar a sus padres, no deben registrarse como usuario e incorporar sus datos, ya que en este caso, se requiere el consentimiento de los padres o tutores para el tratamiento de sus datos personales. En ning\u00fan caso se recabar\u00e1n del menor de edad, datos relativos a la situaci\u00f3n profesional, econ\u00f3mica o a la intimidad de los otros miembros de la familia, sin el consentimiento de \u00e9stos.<\/span><br \/>\n<span>4. Los datos se\u00f1alados con un asterisco* son de cumplimentaci\u00f3n obligatoria para poder facilitarle el servicio o informaci\u00f3n solicitada, en caso contrario no podr\u00e1 prestarse el servicio solicitado.<\/span><br \/>\n<span>5. Redes sociales<\/span><br \/>\n<span>QUATRE CATS S.C. cuenta con perfil en algunas de las principales redes sociales de Internet (Facebook, Twitter, LinkedIn, Flickr, GetSatisfaction, Google Places, etc.), reconoci\u00e9ndose en todos los casos responsable del tratamiento de los datos de sus seguidores, fans, suscriptores, comentaristas y otros perfiles de usuarios (en adelante, seguidores). El tratamiento que QUATRE CATS S.C. \u00a0llevar\u00e1 a cabo con dichos datos ser\u00e1, como m\u00e1ximo, el que la red social permita a los perfiles corporativos. As\u00ed pues, QUATRE CATS S.C. \u00a0podr\u00e1 informar a sus seguidores por cualquier v\u00eda que la red social permita sobre sus actividades, ponencias, talleres, as\u00ed como prestar servicio personalizado de atenci\u00f3n al cliente. En ning\u00fan caso QUATRE CATS S.C. extraer\u00e1 datos de las redes sociales, a menos que se obtuviera puntual y expresamente el consentimiento del usuario para ello. Cuando, debido a la propia naturaleza de las redes sociales, el ejercicio efectivo de los derechos del seguidor quede supeditado a la modificaci\u00f3n del perfil personal de \u00e9ste, QUATRE CATS S.C. \u00a0le ayudar\u00e1 y aconsejar\u00e1 a tal fin en la medida de sus posibilidades.<\/span><br \/>\n<span>6. Navegaci\u00f3n web (cookies)<\/span><br \/>\n<span>El Sitio Web utiliza cookies. Las cookies son ficheros creados en el navegador del usuario para registrar su actividad en el Sitio Web y permitirle una navegaci\u00f3n m\u00e1s fluida y personalizada.<\/span><br \/>\n<span>Se utilizan dos tipos de cookies:<\/span><br \/>\n<span>Cookies esenciales. Para realizar un seguimiento de su pedido es esencial que almacenemos una \u00abcookie de sesi\u00f3n\u00bb en su ordenador. Esta cookie tendr\u00e1 una duraci\u00f3n de 24 horas.<\/span><br \/>\n<span>Cookies no esenciales. Utilizamos cookies no esenciales para personalizar su reserva y ayudarle a hacerla m\u00e1s f\u00e1cil y agradable. Estas cookies adicionales se utilizan para almacenar cosas como sus datos de acceso para que se pueda registrar autom\u00e1ticamente la pr\u00f3xima vez que visite nuestra web.<\/span><br \/>\n<span>Antes de guardar estas cookies por primera vez, solicitaremos su permiso para hacerlo. Si no facilita su aprobaci\u00f3n, no podr\u00e1 usar determinadas funciones, pero el resto de la web seguir\u00e1 funcionando correctamente.<\/span><br \/>\n<span>Si desea m\u00e1s informaci\u00f3n acerca de las cookies y c\u00f3mo desconectarlas, puedes visitar http:\/\/www.allaboutcookies.org.<\/span><br \/>\n<span>7. Podr\u00e1 ejercitar los derechos de acceso, rectificaci\u00f3n, cancelaci\u00f3n y oposici\u00f3n, frente al Responsable del Fichero en la direcci\u00f3n: QUATRE CATS S.C. Paseo de la Nevera, 7. 4\u00ba izda. 26540 Alfaro (la Rioja) o por correo electr\u00f3nico en la direcci\u00f3n arte@quatrecats.com acreditando su identidad.<\/span><br \/>\n<span>8. De conformidad con lo establecido en la Ley 34\/2002 de 11 de julio, de Servicios de la Sociedad de la Informaci\u00f3n y del Comercio Electr\u00f3nico, en el supuesto de que usted no desee recibir comunicaciones comerciales electr\u00f3nica en el futuro, por parte de QUATRE CATS S.C. podr\u00e1 manifestar tal deseo enviando un mail a la siguiente direcci\u00f3n de correo electr\u00f3nico: arte@quatrecats.com<\/span><\/p>\n<p><span>\u00a0<\/span><\/p>\n","protected":false},"excerpt":{"rendered":"<p>Condiciones de Venta de Entradas El presente Aviso Legal establece la informaci\u00f3n general que los prestadores de servicios de la sociedad de la informaci\u00f3n vienen obligados a poner a disposici\u00f3n de los consumidores y usuarios, por imperativo del Art.10 de la Ley 34\/2002, de 11 de julio, de servicios de [&hellip;]<\/p>\n","protected":false},"author":2,"featured_media":0,"parent":0,"menu_order":2,"comment_status":"closed","ping_status":"closed","template":"","meta":[],"_links":{"self":[{"href":"https:\/\/www.quatrecats.com\/index.php?rest_route=\/wp\/v2\/pages\/177"}],"collection":[{"href":"https:\/\/www.quatrecats.com\/index.php?rest_route=\/wp\/v2\/pages"}],"about":[{"href":"https:\/\/www.quatrecats.com\/index.php?rest_route=\/wp\/v2\/types\/page"}],"author":[{"embeddable":true,"href":"https:\/\/www.quatrecats.com\/index.php?rest_route=\/wp\/v2\/users\/2"}],"replies":[{"embeddable":true,"href":"https:\/\/www.quatrecats.com\/index.php?rest_route=%2Fwp%2Fv2%2Fcomments&post=177"}],"version-history":[{"count":1,"href":"https:\/\/www.quatrecats.com\/index.php?rest_route=\/wp\/v2\/pages\/177\/revisions"}],"predecessor-version":[{"id":178,"href":"https:\/\/www.quatrecats.com\/index.php?rest_route=\/wp\/v2\/pages\/177\/revisions\/178"}],"wp:attachment":[{"href":"https:\/\/www.quatrecats.com\/index.php?rest_route=%2Fwp%2Fv2%2Fmedia&parent=177"}],"curies":[{"name":"wp","href":"https:\/\/api.w.org\/{rel}","templated":true}]}}