{"id":2,"date":"2016-05-10T03:48:21","date_gmt":"2016-05-10T03:48:21","guid":{"rendered":"http:\/\/www.quatrecats.com\/?page_id=2"},"modified":"2019-01-07T17:31:52","modified_gmt":"2019-01-07T17:31:52","slug":"sample-page","status":"publish","type":"page","link":"https:\/\/www.quatrecats.com\/?page_id=2","title":{"rendered":"Pol\u00edtica de Privacidad"},"content":{"rendered":"<p><strong>Nuestra Pol\u00edtica de Privacidad<\/strong><\/p>\n<p><strong>RESPONSABLE:<\/strong><\/p>\n<p>Identidad: QUATRE CATS S.C. \u2013 NIF: J-26275016<br \/>\nDirecci\u00f3n postal: Paseo de la Nevera. 7.4\u00ba Izda. 26540 Alfaro (La Rioja)<br \/>\nTel\u00e9fono: 637.457987 \u2013 610.365939<br \/>\nE-mail: arte@quatrecats.com<br \/>\nDelegado de protecci\u00f3n de datos: Protecci\u00f3n de datos \u2013 Herramientas Jur\u00eddicas, S.L. (administradatos@lextools.com)<\/p>\n<p>QUATRE CATS S.C., con domicilio social en la Paseo de la Nevera. 7. 4\u00ba Izda. 26540 Alfaro (La Rioja)), conforme a la legislaci\u00f3n vigente en materia de protecci\u00f3n de datos de car\u00e1cter personal, informa a los usuarios de www.quatrecats.com acerca de su Pol\u00edtica de Protecci\u00f3n de Datos que ser\u00e1 de aplicaci\u00f3n en el tratamiento de los datos personales que sean facilitados por el usuario cuando accede, usa y\/o se registra en quatrecats.com<\/p>\n<p><strong>\u00bfCon qu\u00e9 finalidad tratamos sus datos personales?<\/strong><\/p>\n<p>En\u00a0QUATRE CATS S.C. tratamos la informaci\u00f3n que nos facilitan las personas interesadas con el fin de enviar informaci\u00f3n personalizada sobre actividades culturales organizadas por QUATRE CATS S.C. y comprende:<\/p>\n<ul>\n<li>(I) la identificaci\u00f3n del usuario con el prop\u00f3sito de una atenci\u00f3n m\u00e1s personalizada;<\/li>\n<li>(II) la administraci\u00f3n, el estudio y la mejora de la oferta de servicios;<\/li>\n<li>(III) el estudio y el dise\u00f1o de nuevos servicios en virtud de las preferencias de los usuarios; y<\/li>\n<li>(IV) el env\u00edo de informaci\u00f3n t\u00e9cnica, comercial e informativa sobre quatrecats.com, sus productos y servicios.<\/li>\n<li>(V) No se tomar\u00e1n decisiones automatizadas en base a dicho perfil.<\/li>\n<\/ul>\n<p>(tipificaci\u00f3n de PUBLICIDAD Y PROSPECCI\u00d3N COMERCIAL; GESTION DE CLIENTES CONTABLE, FISCAL Y ADMINISTRATIVA)<\/p>\n<p><strong>\u00bfPor cu\u00e1nto tiempo conservaremos sus datos?<\/strong><\/p>\n<p>Los datos personales proporcionados se conservar\u00e1n mientras se mantenga la relaci\u00f3n negocial, mientras el interesado no solicite su supresi\u00f3n o durante el plazo legal establecido. En cualquier momento, podr\u00e1 ejercitar los derechos de Acceso, Rectificaci\u00f3n, Supresi\u00f3n, Limitaci\u00f3n y Oposici\u00f3n, mediante escrito dirigido al responsable del fichero en la siguiente direcci\u00f3n:\u00a0<u>arte@quatrecats.com<\/u><\/p>\n<p><strong>\u00bfCu\u00e1l es la legitimaci\u00f3n para el tratamiento de sus datos?<\/strong><\/p>\n<p>La base legal para el tratamiento de sus datos estar\u00e1 basada en el consentimiento que se le solicita.<\/p>\n<p>Dando su consentimiento\u00a0QUATRE CATS S.C.\u00a0puede utilizar los datos facilitados por usted, comprometi\u00e9ndose a tratar de forma confidencial sus datos de car\u00e1cter personal y a no comunicar o ceder dicha informaci\u00f3n a terceros sin su previo consentimiento.<\/p>\n<p>Estos datos no se podr\u00e1n utilizar para finalidades incompatibles de aquellas para las que fueron recogidos.<\/p>\n<p>Los datos personales recabados, gozan de la protecci\u00f3n prevista en el Reglamento General de Protecci\u00f3n de Datos de car\u00e1cter personal.<\/p>\n<p><strong>\u00bfA qu\u00e9 destinatarios se comunicar\u00e1n sus datos?<\/strong><\/p>\n<p>No se ceder\u00e1n datos a terceros salvo obligaci\u00f3n legal. Asimismo, QUATRE CATS S.C.\u00a0\u00a0informa al usuario que las instalaciones, sistemas y ficheros en las que se albergan los datos personales cumplen con las medidas de seguridad establecidas.<\/p>\n<p><strong>\u00bfCu\u00e1les son sus derechos cuando nos facilita sus datos?<\/strong><\/p>\n<p>Cualquier persona tiene derecho a obtener confirmaci\u00f3n sobre si estamos tratando datos personales que les conciernan, o no. Las personas interesadas tienen derecho a acceder a sus datos personales, as\u00ed como a solicitar la rectificaci\u00f3n de los datos inexactos o, en su caso, solicitar su supresi\u00f3n cuando, entre otros motivos, los datos ya no sean necesarios para los fines que fueron recogidos. En determinadas circunstancias, los interesados podr\u00e1n solicitar la limitaci\u00f3n del tratamiento de sus datos, en cuyo caso \u00fanicamente los conservaremos para el ejercicio o la defensa de reclamaciones. En determinadas circunstancias y por motivos relacionados con su situaci\u00f3n particular, los interesados podr\u00e1n oponerse al tratamiento de sus datos, por lo que este responsable del tratamiento dejar\u00e1 de tratar los datos, salvo por motivos leg\u00edtimos imperiosos, o el ejercicio o la defensa de posibles reclamaciones.<\/p>\n<p>Usted puede revocar el consentimiento en cualquier momento mediante petici\u00f3n escrita dirigida al E-mail\u00a0<u>arte@quatrecats.com<\/u>\u00a0o por comunicaci\u00f3n postal a QUATRE CATS S.C., Paseo de La Nevera, 7.4\u00ba Izda. 26540 Alfaro (La Rioja), Tno: 637.457987- 610.365939. La retirada del consentimiento no afectar\u00e1 a la licitud del tratamiento basada en el consentimiento previo a su retirada<\/p>\n<p><strong>\u00bfC\u00f3mo hemos obtenido sus datos?<\/strong><\/p>\n<p>Los datos personales que tratamos en QUATRE CATS S.C .proceden de\u00a0<strong>EL PROPIO INTERESADO<\/strong><\/p>\n<p>Las categor\u00edas de datos que se tratan son:<\/p>\n<p>Nombres y apellidos, Direcci\u00f3n, Email, Tel\u00e9fono, Transacciones de servicios<\/p>\n<p>En caso de que el usuario sea menor de edad, se advierte que ha de obtener la autorizaci\u00f3n previa del mayor a cuyo cargo se encuentre para facilitar los datos personales que se soliciten, QUATRE CATS S.C.\u00a0se exime de cualquier tipo de responsabilidad por el incumplimiento de este requisito.\u00a0QUATRE CATS S.C. nunca utilizar\u00e1 estos datos para fines inadecuados para la edad del menor, sino que lo har\u00e1 en consonancia con la edad, conocimiento y la madurez de este p\u00fablico objetivo, y nunca recabar\u00e1 datos relativos o relacionados con la situaci\u00f3n econ\u00f3mica o la intimidad de los miembros de su familia.\u00a0QUATRE CATS S.C. facilitar\u00e1 a los padres o tutores la posibilidad de que puedan ejercer los derechos de acceso, cancelaci\u00f3n, rectificaci\u00f3n y oposici\u00f3n de los datos de sus hijos o tutelados y animar\u00e1 a los menores a que consulten con ellos antes de proporcionar datos. En caso de tratarse de menores de 14 a\u00f1os, estos deber\u00e1n aportar a QUATRE CATS S.C. \u00a0autorizaci\u00f3n escrita de sus padres, tutores o representantes legales, consintiendo el tratamiento de sus datos.<\/p>\n<p><strong>Registro de visitas<\/strong><\/p>\n<p><strong>QUATRE CATS S.C.<\/strong>\u00a0comunica a los usuarios de teatrokamikaze.com que la direcci\u00f3n IP con la que accede al servidor de <strong>QUATRE CATS S.C<\/strong>., la fecha y hora del acceso, as\u00ed como las p\u00e1ginas que visite que est\u00e9n alojadas en este servidor, quedar\u00e1n recogidas y almacenadas en un archivo LOG que ser\u00e1 objeto de tratamiento por parte de <strong><span>QUATRE CATS S.C.<\/span><\/strong> a los efectos de contabilizar las visitas que recibe quatrecats.com as\u00ed como para la realizaci\u00f3n de estad\u00edsticas.<\/p>\n<p><strong>Uso de \u201cCOOKIES\u201d<\/strong><\/p>\n<p>Con la finalidad de agilizar el servicio ofrecido, identificando con la m\u00e1xima celeridad a cada usuario,\u00a0<strong>QUATRE CATS S.C.<\/strong>\u00a0comunica que para el correcto funcionamiento de quatrecats.com es necesario el uso de \u201cCookies\u201d. Esta herramienta, que se instala en el disco duro del sistema inform\u00e1tico del usuario, se utiliza para el almacenamiento y la posterior recuperaci\u00f3n de determinada informaci\u00f3n relativa al uso que se realiza de quatrecats.com pero no recoge ning\u00fan dato personal que permita identificar al usuario.<\/p>\n<p><strong>Modificaci\u00f3n de Pol\u00edtica de Privacidad<\/strong><\/p>\n<p><strong>QUATRE CATS S.C.<\/strong>\u00a0puede modificar esta Pol\u00edtica de Privacidad en funci\u00f3n de exigencias legislativas, normativas o con la finalidad de adaptar dicha pol\u00edtica a las instrucciones dictadas por la Agencia Espa\u00f1ola de Protecci\u00f3n de Datos, por ello se aconseja a los usuarios que la visiten peri\u00f3dicamente.<\/p>\n","protected":false},"excerpt":{"rendered":"<p>Nuestra Pol\u00edtica de Privacidad RESPONSABLE: Identidad: QUATRE CATS S.C. \u2013 NIF: J-26275016 Direcci\u00f3n postal: Paseo de la Nevera. 7.4\u00ba Izda. 26540 Alfaro (La Rioja) Tel\u00e9fono: 637.457987 \u2013 610.365939 E-mail: arte@quatrecats.com Delegado de protecci\u00f3n de datos: Protecci\u00f3n de datos \u2013 Herramientas Jur\u00eddicas, S.L. (administradatos@lextools.com) QUATRE CATS S.C., con domicilio social en [&hellip;]<\/p>\n","protected":false},"author":1,"featured_media":0,"parent":0,"menu_order":0,"comment_status":"closed","ping_status":"open","template":"","meta":[],"_links":{"self":[{"href":"https:\/\/www.quatrecats.com\/index.php?rest_route=\/wp\/v2\/pages\/2"}],"collection":[{"href":"https:\/\/www.quatrecats.com\/index.php?rest_route=\/wp\/v2\/pages"}],"about":[{"href":"https:\/\/www.quatrecats.com\/index.php?rest_route=\/wp\/v2\/types\/page"}],"author":[{"embeddable":true,"href":"https:\/\/www.quatrecats.com\/index.php?rest_route=\/wp\/v2\/users\/1"}],"replies":[{"embeddable":true,"href":"https:\/\/www.quatrecats.com\/index.php?rest_route=%2Fwp%2Fv2%2Fcomments&post=2"}],"version-history":[{"count":9,"href":"https:\/\/www.quatrecats.com\/index.php?rest_route=\/wp\/v2\/pages\/2\/revisions"}],"predecessor-version":[{"id":176,"href":"https:\/\/www.quatrecats.com\/index.php?rest_route=\/wp\/v2\/pages\/2\/revisions\/176"}],"wp:attachment":[{"href":"https:\/\/www.quatrecats.com\/index.php?rest_route=%2Fwp%2Fv2%2Fmedia&parent=2"}],"curies":[{"name":"wp","href":"https:\/\/api.w.org\/{rel}","templated":true}]}}